{"id":4323,"date":"2019-06-18T18:17:08","date_gmt":"2019-06-18T18:17:08","guid":{"rendered":"https:\/\/san-martin.es\/?page_id=4323"},"modified":"2019-06-22T08:52:04","modified_gmt":"2019-06-22T08:52:04","slug":"consultancy","status":"publish","type":"page","link":"https:\/\/san-martin.es\/en\/consultancy\/","title":{"rendered":"CONSULTANCY"},"content":{"rendered":"<div class=\"wpb-content-wrapper\"><p>[vc_row][vc_column][tm_spacer size=&#8221;xs:20;sm:30;md:60;lg:80&#8243;][vc_column_text el_class=&#8221;centros-univ-title&#8221;]<\/p>\n<h1 style=\"text-align: center;\">CONSULTANCY<\/h1>\n<p>[\/vc_column_text][tm_spacer size=&#8221;xs:20;sm:30;md:60;lg:90&#8243;][\/vc_column][\/vc_row][vc_row content_placement=&#8221;middle&#8221; lg_spacing=&#8221;padding_top:0;padding_right:70;padding_bottom:120;padding_left:70&#8243; sm_spacing=&#8221;padding_right:15;padding_bottom:0;padding_left:15&#8243; xs_spacing=&#8221;padding_top:0&#8243; md_spacing=&#8221;padding_right:60;padding_left:60&#8243; el_id=&#8221;auditorias&#8221;][vc_column width=&#8221;1\/2&#8243; xs_spacing=&#8221;margin_bottom:40&#8243;][tm_image align=&#8221;center&#8221; image=&#8221;3279&#8243;][\/vc_column][vc_column width=&#8221;1\/2&#8243; lg_spacing=&#8221;margin_top:0;padding_top:0&#8243; md_spacing=&#8221;margin_top:0;padding_top:0&#8243;][vc_column_text el_class=&#8221;centros-univ-title titulo-secundario&#8221;]<\/p>\n<h3>Face your present challenges<\/h3>\n<p>[\/vc_column_text][tm_spacer size=&#8221;lg:20&#8243;][vc_column_text el_class=&#8221;text-bullet&#8221;]<\/p>\n<p style=\"text-align: justify;\"><strong class=\"bullet\">&gt; \u00a0Industrial Property Audit, <\/strong>we provide you with an objective and independent vision in a clear and simple way. Essential information to make the right decisions at key moments, such as attracting new investors, internal restructuring of the company, the entry in foreign markets &#8230;<\/p>\n<ul>\n<li>\u00a0<strong>Status<\/strong> of your records and pending applications, including, if the case requires so:\n<ul>\n<li><strong>Detection of defects<\/strong> and proposals for solving them.<\/li>\n<li>Assessment of the <strong>chances of success<\/strong> in pending cases.<\/li>\n<li><strong>Recommendations<\/strong> on the following actions to be taken.<\/li>\n<li><strong>Detection of protection needs<\/strong> not covered and protection strategies.<\/li>\n<\/ul>\n<\/li>\n<li>\u00a0Detection of <strong>value-added assets.<\/strong><\/li>\n<li>\u00a0Proposals to <strong>optimize management costs.<\/strong><\/li>\n<li>\u00a0Recommendations on how to <strong>adapt legal procedures to the needs of your company<\/strong> (delaying payments, speeding up management with the administration, avoiding duplication of registrations &#8230;).<\/li>\n<li>\u00a0<strong>Internationalization strategies<\/strong> according to the development of your company.<\/li>\n<\/ul>\n<p>[\/vc_column_text][\/vc_column][vc_column][tm_spacer size=&#8221;xs:40;sm:40;lg:50&#8243;][vc_column_text el_class=&#8221;more-info&#8221;]<\/p>\n<p style=\"text-align: center !important;\"><a href=\"https:\/\/san-martin.es\/en\/contact\/\">MORE INFORMATION?<\/a><\/p>\n<p>[\/vc_column_text][tm_spacer size=&#8221;xs:50;sm:50;lg:0&#8243;][\/vc_column][\/vc_row][vc_row full_width=&#8221;stretch_row&#8221; content_placement=&#8221;middle&#8221; background_color=&#8221;custom&#8221; lg_spacing=&#8221;padding_top:120;padding_right:140;padding_bottom:120;padding_left:140&#8243; sm_spacing=&#8221;padding_right:15;padding_bottom:93;padding_left:15&#8243; xs_spacing=&#8221;padding_top:80&#8243; md_spacing=&#8221;padding_right:60;padding_left:60&#8243; custom_background_color=&#8221;#f8f8f8&#8243; el_id=&#8221;informes&#8221;][vc_column width=&#8221;1\/2&#8243; xs_spacing=&#8221;margin_bottom:40;padding_right:15;padding_left:15&#8243; sm_spacing=&#8221;padding_right:30;padding_left:30&#8243;][vc_column_text el_class=&#8221;centros-univ-title titulo-secundario titulo-informe&#8221;]<\/p>\n<h3>And design a future that suits you<\/h3>\n<p>[\/vc_column_text][tm_spacer size=&#8221;xs:20;sm:20;lg:0&#8243;][vc_column_text el_class=&#8221;content-informes&#8221;]<\/p>\n<ul>\n<li>\u00a0<strong>Technological information;<\/strong> before starting a research or opening a business &#8211; line, be aware of the developments that already exist in your field.<\/li>\n<li>\u00a0<strong>Forecasts of expenses.<\/strong><\/li>\n<li>\u00a0<strong>Early detection of protection needs<\/strong> for your products, processes or designs, including the possibility of keeping them as industrial secrets.<\/li>\n<li>\u00a0<strong>Definition of protection strategies<\/strong> for new assets, bearing in mind the available resources.<\/li>\n<li>\u00a0<strong>Assistance in internationalization processes;<\/strong> information on the regulatory framework of the territories where you wish to start your performance.<\/li>\n<\/ul>\n<p>[\/vc_column_text][tm_spacer size=&#8221;xs:40;sm:40;lg:26&#8243;][vc_column_text el_class=&#8221;text-center-md more-info&#8221;]<\/p>\n<p style=\"text-align: center !important;\"><a href=\"https:\/\/san-martin.es\/en\/contact\/\">MORE INFORMATION?<\/a><\/p>\n<p>[\/vc_column_text][tm_spacer size=&#8221;xs:50;sm:50;lg:38&#8243;][\/vc_column][vc_column width=&#8221;1\/2&#8243; el_class=&#8221;img-informes&#8221;][tm_image align=&#8221;center&#8221; image=&#8221;3280&#8243;][\/vc_column][\/vc_row][vc_row content_placement=&#8221;middle&#8221; lg_spacing=&#8221;padding_top:120;padding_right:70;padding_bottom:120;padding_left:70&#8243; sm_spacing=&#8221;padding_right:15;padding_bottom:0;padding_left:15&#8243; xs_spacing=&#8221;padding_top:80&#8243; md_spacing=&#8221;padding_right:60;padding_left:60&#8243; el_id=&#8221;herramientas&#8221;][vc_column width=&#8221;1\/2&#8243; xs_spacing=&#8221;margin_bottom:40&#8243;][tm_image align=&#8221;center&#8221; image=&#8221;3281&#8243;][\/vc_column][vc_column width=&#8221;1\/2&#8243; lg_spacing=&#8221;margin_top:0;padding_top:0&#8243; md_spacing=&#8221;margin_top:0;padding_top:0&#8243;][vc_column_text el_class=&#8221;centros-univ-title titulo-secundario&#8221;]<\/p>\n<h3>With the tools that we put at your service<\/h3>\n<p>[\/vc_column_text][tm_spacer size=&#8221;lg:26&#8243;][vc_column_text]<\/p>\n<ul>\n<li><strong>Systems for the organization and control<\/strong> of your Industrial Property rights.<\/li>\n<li><strong>Protocols for making decisions<\/strong> on your patent and trademark portfolio.<\/li>\n<li>Protocols for <strong>communication of new inventions.<\/strong><\/li>\n<\/ul>\n<p>[\/vc_column_text][tm_spacer size=&#8221;sm:40;lg:38&#8243;][vc_column_text el_class=&#8221;text-center-md more-info&#8221;]<\/p>\n<p style=\"text-align: center !important;\"><a href=\"https:\/\/san-martin.es\/en\/contact\/\">MORE INFORMATION?<\/a><\/p>\n<p>[\/vc_column_text][tm_spacer size=&#8221;sm:50;lg:26&#8243;][\/vc_column][\/vc_row][vc_row full_width=&#8221;stretch_row&#8221; background_color=&#8221;custom&#8221; custom_background_color=&#8221;#f8f8f8&#8243; el_id=&#8221;formacion&#8221; lg_spacing=&#8221;padding_right:60;padding_left:60&#8243; md_spacing=&#8221;padding_right:15;padding_left:15&#8243;][vc_column][tm_spacer size=&#8221;sm:50;md:40;lg:100&#8243;][\/vc_column][\/vc_row][vc_row full_width=&#8221;stretch_row&#8221; content_placement=&#8221;top&#8221; background_color=&#8221;custom&#8221; lg_spacing=&#8221;margin_bottom:0;padding_top:50;padding_right:140;padding_bottom:0;padding_left:140&#8243; sm_spacing=&#8221;padding_right:5;padding_bottom:0;padding_left:5&#8243; xs_spacing=&#8221;padding_top:80&#8243; md_spacing=&#8221;padding_right:60;padding_left:60&#8243; custom_background_color=&#8221;#f8f8f8&#8243;][vc_column width=&#8221;1\/2&#8243; xs_spacing=&#8221;margin_bottom:40;padding_right:15;padding_left:15&#8243; sm_spacing=&#8221;padding_right:30;padding_left:30&#8243; el_class=&#8221;content-formacion&#8221;][vc_column_text el_class=&#8221;centros-univ-title&#8221;]<\/p>\n<h1>TRAINING<\/h1>\n<p>[\/vc_column_text][vc_column_text]<\/p>\n<ul>\n<li>Talks addressed to <strong>SMEs and entrepreneurs,<\/strong> with special attention to trademark protection.<\/li>\n<li>Training seminars in <strong>research centers and companies focused on R + D<\/strong>, with special attention to the protection of inventions and industrial designs.<\/li>\n<li>Specific training activities directed to professionals regarding practical aspects of Industrial Property management and legislative developments.<\/li>\n<\/ul>\n<p>[\/vc_column_text][tm_spacer size=&#8221;sm:40;lg:38&#8243;][vc_column_text el_class=&#8221;text-center-md more-info&#8221;]<\/p>\n<p style=\"text-align: left;\"><a href=\"https:\/\/san-martin.es\/en\/contact\/\">MORE INFORMATION?<\/a><\/p>\n<p>[\/vc_column_text][tm_spacer size=&#8221;xs:20;sm:30;md:60;lg:80&#8243;][\/vc_column][vc_column width=&#8221;1\/2&#8243;][tm_image align=&#8221;center&#8221; image=&#8221;3570&#8243;][tm_spacer size=&#8221;xs:20;sm:30;md:60;lg:80&#8243;][\/vc_column][\/vc_row]<\/p>\n<\/div>","protected":false},"excerpt":{"rendered":"[vc_row][vc_column][tm_spacer size=&#8221;xs:20;sm:30;md:60;lg:80&#8243;][vc_column_text el_class=&#8221;centros-univ-title&#8221;] CONSULTANCY [\/vc_column_text][tm_spacer size=&#8221;xs:20;sm:30;md:60;lg:90&#8243;][\/vc_column][\/vc_row][vc_row content_placement=&#8221;middle&#8221; lg_spacing=&#8221;padding_top:0;padding_right:70;padding_bottom:120;padding_left:70&#8243; sm_spacing=&#8221;padding_right:15;padding_bottom:0;padding_left:15&#8243; xs_spacing=&#8221;padding_top:0&#8243; md_spacing=&#8221;padding_right:60;padding_left:60&#8243; el_id=&#8221;auditorias&#8221;][vc_column width=&#8221;1\/2&#8243; xs_spacing=&#8221;margin_bottom:40&#8243;][tm_image align=&#8221;center&#8221; image=&#8221;3279&#8243;][\/vc_column][vc_column width=&#8221;1\/2&#8243; lg_spacing=&#8221;margin_top:0;padding_top:0&#8243; md_spacing=&#8221;margin_top:0;padding_top:0&#8243;][vc_column_text el_class=&#8221;centros-univ-title titulo-secundario&#8221;] Face your present challenges [\/vc_column_text][tm_spacer size=&#8221;lg:20&#8243;][vc_column_text el_class=&#8221;text-bullet&#8221;] &gt; \u00a0Industrial Property Audit, we provide you with an objective and independent vision in a clear and simple way. Essential information to make the right decisions at key moments, such as attracting new investors, internal restructuring of the company, the entry in foreign markets &#8230; \u00a0Status of your records and pending applications, including, if the case requires so: Detection of defects and proposals for solving them. Assessment of the chances of success in pending cases. Recommendations on the following actions to be taken. Detection of protection needs not covered and protection strategies. \u00a0Detection of value-added assets. \u00a0Proposals to optimize management costs. \u00a0Recommendations on how to adapt legal procedures to the needs of your company (delaying payments, speeding up management with the administration, avoiding duplication of registrations &#8230;). \u00a0Internationalization strategies according to the development of your company. [\/vc_column_text][\/vc_column][vc_column][tm_spacer size=&#8221;xs:40;sm:40;lg:50&#8243;][vc_column_text el_class=&#8221;more-info&#8221;] MORE INFORMATION? [\/vc_column_text][tm_spacer size=&#8221;xs:50;sm:50;lg:0&#8243;][\/vc_column][\/vc_row][vc_row full_width=&#8221;stretch_row&#8221; content_placement=&#8221;middle&#8221; background_color=&#8221;custom&#8221; lg_spacing=&#8221;padding_top:120;padding_right:140;padding_bottom:120;padding_left:140&#8243; sm_spacing=&#8221;padding_right:15;padding_bottom:93;padding_left:15&#8243; xs_spacing=&#8221;padding_top:80&#8243; md_spacing=&#8221;padding_right:60;padding_left:60&#8243; custom_background_color=&#8221;#f8f8f8&#8243; el_id=&#8221;informes&#8221;][vc_column width=&#8221;1\/2&#8243; xs_spacing=&#8221;margin_bottom:40;padding_right:15;padding_left:15&#8243; sm_spacing=&#8221;padding_right:30;padding_left:30&#8243;][vc_column_text el_class=&#8221;centros-univ-title titulo-secundario titulo-informe&#8221;] And design a future that suits you [\/vc_column_text][tm_spacer size=&#8221;xs:20;sm:20;lg:0&#8243;][vc_column_text el_class=&#8221;content-informes&#8221;] \u00a0Technological information; before starting a research or opening a business &#8211; line, be aware of the developments that already exist in your field. \u00a0Forecasts of expenses. \u00a0Early detection of protection needs for your products, processes or designs, including the possibility of keeping them as industrial secrets. \u00a0Definition of protection strategies for new assets, bearing in mind the available resources. \u00a0Assistance in internationalization processes; information on the regulatory framework of the territories where you wish to start your performance. [\/vc_column_text][tm_spacer size=&#8221;xs:40;sm:40;lg:26&#8243;][vc_column_text el_class=&#8221;text-center-md more-info&#8221;] MORE INFORMATION? [\/vc_column_text][tm_spacer size=&#8221;xs:50;sm:50;lg:38&#8243;][\/vc_column][vc_column width=&#8221;1\/2&#8243; el_class=&#8221;img-informes&#8221;][tm_image align=&#8221;center&#8221; image=&#8221;3280&#8243;][\/vc_column][\/vc_row][vc_row content_placement=&#8221;middle&#8221; lg_spacing=&#8221;padding_top:120;padding_right:70;padding_bottom:120;padding_left:70&#8243; sm_spacing=&#8221;padding_right:15;padding_bottom:0;padding_left:15&#8243; xs_spacing=&#8221;padding_top:80&#8243; md_spacing=&#8221;padding_right:60;padding_left:60&#8243; el_id=&#8221;herramientas&#8221;][vc_column width=&#8221;1\/2&#8243; xs_spacing=&#8221;margin_bottom:40&#8243;][tm_image align=&#8221;center&#8221; image=&#8221;3281&#8243;][\/vc_column][vc_column width=&#8221;1\/2&#8243; lg_spacing=&#8221;margin_top:0;padding_top:0&#8243; md_spacing=&#8221;margin_top:0;padding_top:0&#8243;][vc_column_text el_class=&#8221;centros-univ-title titulo-secundario&#8221;] With the tools that we put at your service [\/vc_column_text][tm_spacer size=&#8221;lg:26&#8243;][vc_column_text] Systems for the organization and control of your Industrial Property rights. Protocols for making decisions on your patent and trademark portfolio. Protocols for communication of new inventions. [\/vc_column_text][tm_spacer size=&#8221;sm:40;lg:38&#8243;][vc_column_text el_class=&#8221;text-center-md more-info&#8221;] MORE INFORMATION? [\/vc_column_text][tm_spacer size=&#8221;sm:50;lg:26&#8243;][\/vc_column][\/vc_row][vc_row full_width=&#8221;stretch_row&#8221; background_color=&#8221;custom&#8221; custom_background_color=&#8221;#f8f8f8&#8243; el_id=&#8221;formacion&#8221; lg_spacing=&#8221;padding_right:60;padding_left:60&#8243; md_spacing=&#8221;padding_right:15;padding_left:15&#8243;][vc_column][tm_spacer size=&#8221;sm:50;md:40;lg:100&#8243;][\/vc_column][\/vc_row][vc_row full_width=&#8221;stretch_row&#8221; content_placement=&#8221;top&#8221; background_color=&#8221;custom&#8221; lg_spacing=&#8221;margin_bottom:0;padding_top:50;padding_right:140;padding_bottom:0;padding_left:140&#8243; sm_spacing=&#8221;padding_right:5;padding_bottom:0;padding_left:5&#8243; xs_spacing=&#8221;padding_top:80&#8243; md_spacing=&#8221;padding_right:60;padding_left:60&#8243; custom_background_color=&#8221;#f8f8f8&#8243;][vc_column width=&#8221;1\/2&#8243; xs_spacing=&#8221;margin_bottom:40;padding_right:15;padding_left:15&#8243; sm_spacing=&#8221;padding_right:30;padding_left:30&#8243; el_class=&#8221;content-formacion&#8221;][vc_column_text el_class=&#8221;centros-univ-title&#8221;] TRAINING [\/vc_column_text][vc_column_text] Talks addressed to SMEs and entrepreneurs, with special attention to trademark protection. Training seminars in research centers and companies focused on R + D, with special attention to the protection of inventions and industrial designs. Specific training activities directed to professionals regarding practical aspects of Industrial Property management and legislative developments. [\/vc_column_text][tm_spacer size=&#8221;sm:40;lg:38&#8243;][vc_column_text el_class=&#8221;text-center-md more-info&#8221;] MORE INFORMATION? [\/vc_column_text][tm_spacer size=&#8221;xs:20;sm:30;md:60;lg:80&#8243;][\/vc_column][vc_column width=&#8221;1\/2&#8243;][tm_image align=&#8221;center&#8221; image=&#8221;3570&#8243;][tm_spacer size=&#8221;xs:20;sm:30;md:60;lg:80&#8243;][\/vc_column][\/vc_row]","protected":false},"author":1,"featured_media":0,"parent":0,"menu_order":0,"comment_status":"closed","ping_status":"closed","template":"","meta":{"inline_featured_image":false,"_exactmetrics_skip_tracking":false,"_exactmetrics_sitenote_active":false,"_exactmetrics_sitenote_note":"","_exactmetrics_sitenote_category":0,"footnotes":""},"class_list":["post-4323","page","type-page","status-publish","hentry"],"yoast_head":"<!-- This site is optimized with the Yoast SEO plugin v27.3 - https:\/\/yoast.com\/product\/yoast-seo-wordpress\/ -->\n<title>CONSULTANCY - San Mart\u00edn<\/title>\n<meta name=\"description\" content=\"Afrontamos los desafios presentes y dise\u00f1amos un futuro a su medida con las herramientas que ponemos a su disposici\u00f3n\" \/>\n<meta name=\"robots\" content=\"index, follow, max-snippet:-1, max-image-preview:large, max-video-preview:-1\" \/>\n<link rel=\"canonical\" href=\"https:\/\/san-martin.es\/en\/consultancy\/\" \/>\n<meta property=\"og:locale\" content=\"en_US\" \/>\n<meta property=\"og:type\" content=\"article\" \/>\n<meta property=\"og:title\" content=\"CONSULTANCY - San Mart\u00edn\" \/>\n<meta property=\"og:description\" content=\"Afrontamos los desafios presentes y dise\u00f1amos un futuro a su medida con las herramientas que ponemos a su disposici\u00f3n\" \/>\n<meta property=\"og:url\" content=\"https:\/\/san-martin.es\/en\/consultancy\/\" \/>\n<meta property=\"og:site_name\" content=\"San Mart\u00edn\" \/>\n<meta property=\"article:modified_time\" content=\"2019-06-22T08:52:04+00:00\" \/>\n<meta property=\"og:image\" content=\"https:\/\/san-martin.es\/wp-content\/uploads\/2019\/06\/san-martin-fb.png\" \/>\n\t<meta property=\"og:image:width\" content=\"1000\" \/>\n\t<meta property=\"og:image:height\" content=\"526\" \/>\n\t<meta property=\"og:image:type\" content=\"image\/png\" \/>\n<meta name=\"twitter:card\" content=\"summary_large_image\" \/>\n<meta name=\"twitter:label1\" content=\"Est. reading time\" \/>\n\t<meta name=\"twitter:data1\" content=\"4 minutes\" \/>\n<script type=\"application\/ld+json\" class=\"yoast-schema-graph\">{\"@context\":\"https:\\\/\\\/schema.org\",\"@graph\":[{\"@type\":\"WebPage\",\"@id\":\"https:\\\/\\\/san-martin.es\\\/en\\\/consultancy\\\/\",\"url\":\"https:\\\/\\\/san-martin.es\\\/en\\\/consultancy\\\/\",\"name\":\"CONSULTANCY - San Mart\u00edn\",\"isPartOf\":{\"@id\":\"https:\\\/\\\/san-martin.es\\\/#website\"},\"datePublished\":\"2019-06-18T18:17:08+00:00\",\"dateModified\":\"2019-06-22T08:52:04+00:00\",\"description\":\"Afrontamos los desafios presentes y dise\u00f1amos un futuro a su medida con las herramientas que ponemos a su disposici\u00f3n\",\"breadcrumb\":{\"@id\":\"https:\\\/\\\/san-martin.es\\\/en\\\/consultancy\\\/#breadcrumb\"},\"inLanguage\":\"en-US\",\"potentialAction\":[{\"@type\":\"ReadAction\",\"target\":[\"https:\\\/\\\/san-martin.es\\\/en\\\/consultancy\\\/\"]}]},{\"@type\":\"BreadcrumbList\",\"@id\":\"https:\\\/\\\/san-martin.es\\\/en\\\/consultancy\\\/#breadcrumb\",\"itemListElement\":[{\"@type\":\"ListItem\",\"position\":1,\"name\":\"Portada\",\"item\":\"https:\\\/\\\/san-martin.es\\\/en\\\/\"},{\"@type\":\"ListItem\",\"position\":2,\"name\":\"CONSULTANCY\"}]},{\"@type\":\"WebSite\",\"@id\":\"https:\\\/\\\/san-martin.es\\\/#website\",\"url\":\"https:\\\/\\\/san-martin.es\\\/\",\"name\":\"San Mart\u00edn\",\"description\":\"San Mart\u00edn\",\"publisher\":{\"@id\":\"https:\\\/\\\/san-martin.es\\\/#organization\"},\"potentialAction\":[{\"@type\":\"SearchAction\",\"target\":{\"@type\":\"EntryPoint\",\"urlTemplate\":\"https:\\\/\\\/san-martin.es\\\/?s={search_term_string}\"},\"query-input\":{\"@type\":\"PropertyValueSpecification\",\"valueRequired\":true,\"valueName\":\"search_term_string\"}}],\"inLanguage\":\"en-US\"},{\"@type\":\"Organization\",\"@id\":\"https:\\\/\\\/san-martin.es\\\/#organization\",\"name\":\"San Mart\u00edn\",\"url\":\"https:\\\/\\\/san-martin.es\\\/\",\"logo\":{\"@type\":\"ImageObject\",\"inLanguage\":\"en-US\",\"@id\":\"https:\\\/\\\/san-martin.es\\\/#\\\/schema\\\/logo\\\/image\\\/\",\"url\":\"https:\\\/\\\/san-martin.es\\\/wp-content\\\/uploads\\\/2017\\\/09\\\/logo-sin-slogan.png\",\"contentUrl\":\"https:\\\/\\\/san-martin.es\\\/wp-content\\\/uploads\\\/2017\\\/09\\\/logo-sin-slogan.png\",\"width\":181,\"height\":41,\"caption\":\"San Mart\u00edn\"},\"image\":{\"@id\":\"https:\\\/\\\/san-martin.es\\\/#\\\/schema\\\/logo\\\/image\\\/\"},\"sameAs\":[\"https:\\\/\\\/es.linkedin.com\\\/in\\\/esther-san-martin-alarcia\"]}]}<\/script>\n<!-- \/ Yoast SEO plugin. -->","yoast_head_json":{"title":"CONSULTANCY - San Mart\u00edn","description":"Afrontamos los desafios presentes y dise\u00f1amos un futuro a su medida con las herramientas que ponemos a su disposici\u00f3n","robots":{"index":"index","follow":"follow","max-snippet":"max-snippet:-1","max-image-preview":"max-image-preview:large","max-video-preview":"max-video-preview:-1"},"canonical":"https:\/\/san-martin.es\/en\/consultancy\/","og_locale":"en_US","og_type":"article","og_title":"CONSULTANCY - San Mart\u00edn","og_description":"Afrontamos los desafios presentes y dise\u00f1amos un futuro a su medida con las herramientas que ponemos a su disposici\u00f3n","og_url":"https:\/\/san-martin.es\/en\/consultancy\/","og_site_name":"San Mart\u00edn","article_modified_time":"2019-06-22T08:52:04+00:00","og_image":[{"width":1000,"height":526,"url":"https:\/\/san-martin.es\/wp-content\/uploads\/2019\/06\/san-martin-fb.png","type":"image\/png"}],"twitter_card":"summary_large_image","twitter_misc":{"Est. reading time":"4 minutes"},"schema":{"@context":"https:\/\/schema.org","@graph":[{"@type":"WebPage","@id":"https:\/\/san-martin.es\/en\/consultancy\/","url":"https:\/\/san-martin.es\/en\/consultancy\/","name":"CONSULTANCY - San Mart\u00edn","isPartOf":{"@id":"https:\/\/san-martin.es\/#website"},"datePublished":"2019-06-18T18:17:08+00:00","dateModified":"2019-06-22T08:52:04+00:00","description":"Afrontamos los desafios presentes y dise\u00f1amos un futuro a su medida con las herramientas que ponemos a su disposici\u00f3n","breadcrumb":{"@id":"https:\/\/san-martin.es\/en\/consultancy\/#breadcrumb"},"inLanguage":"en-US","potentialAction":[{"@type":"ReadAction","target":["https:\/\/san-martin.es\/en\/consultancy\/"]}]},{"@type":"BreadcrumbList","@id":"https:\/\/san-martin.es\/en\/consultancy\/#breadcrumb","itemListElement":[{"@type":"ListItem","position":1,"name":"Portada","item":"https:\/\/san-martin.es\/en\/"},{"@type":"ListItem","position":2,"name":"CONSULTANCY"}]},{"@type":"WebSite","@id":"https:\/\/san-martin.es\/#website","url":"https:\/\/san-martin.es\/","name":"San Mart\u00edn","description":"San Mart\u00edn","publisher":{"@id":"https:\/\/san-martin.es\/#organization"},"potentialAction":[{"@type":"SearchAction","target":{"@type":"EntryPoint","urlTemplate":"https:\/\/san-martin.es\/?s={search_term_string}"},"query-input":{"@type":"PropertyValueSpecification","valueRequired":true,"valueName":"search_term_string"}}],"inLanguage":"en-US"},{"@type":"Organization","@id":"https:\/\/san-martin.es\/#organization","name":"San Mart\u00edn","url":"https:\/\/san-martin.es\/","logo":{"@type":"ImageObject","inLanguage":"en-US","@id":"https:\/\/san-martin.es\/#\/schema\/logo\/image\/","url":"https:\/\/san-martin.es\/wp-content\/uploads\/2017\/09\/logo-sin-slogan.png","contentUrl":"https:\/\/san-martin.es\/wp-content\/uploads\/2017\/09\/logo-sin-slogan.png","width":181,"height":41,"caption":"San Mart\u00edn"},"image":{"@id":"https:\/\/san-martin.es\/#\/schema\/logo\/image\/"},"sameAs":["https:\/\/es.linkedin.com\/in\/esther-san-martin-alarcia"]}]}},"_links":{"self":[{"href":"https:\/\/san-martin.es\/en\/wp-json\/wp\/v2\/pages\/4323","targetHints":{"allow":["GET"]}}],"collection":[{"href":"https:\/\/san-martin.es\/en\/wp-json\/wp\/v2\/pages"}],"about":[{"href":"https:\/\/san-martin.es\/en\/wp-json\/wp\/v2\/types\/page"}],"author":[{"embeddable":true,"href":"https:\/\/san-martin.es\/en\/wp-json\/wp\/v2\/users\/1"}],"replies":[{"embeddable":true,"href":"https:\/\/san-martin.es\/en\/wp-json\/wp\/v2\/comments?post=4323"}],"version-history":[{"count":9,"href":"https:\/\/san-martin.es\/en\/wp-json\/wp\/v2\/pages\/4323\/revisions"}],"predecessor-version":[{"id":4612,"href":"https:\/\/san-martin.es\/en\/wp-json\/wp\/v2\/pages\/4323\/revisions\/4612"}],"wp:attachment":[{"href":"https:\/\/san-martin.es\/en\/wp-json\/wp\/v2\/media?parent=4323"}],"curies":[{"name":"wp","href":"https:\/\/api.w.org\/{rel}","templated":true}]}}