{"id":4529,"date":"2019-06-21T16:14:26","date_gmt":"2019-06-21T16:14:26","guid":{"rendered":"https:\/\/san-martin.es\/?page_id=4529"},"modified":"2019-06-21T20:49:05","modified_gmt":"2019-06-21T20:49:05","slug":"aholkularitza","status":"publish","type":"page","link":"https:\/\/san-martin.es\/eu\/aholkularitza\/","title":{"rendered":"AHOLKULARITZA"},"content":{"rendered":"<div class=\"wpb-content-wrapper\"><p>[vc_row][vc_column][tm_spacer size=&#8221;xs:20;sm:30;md:60;lg:80&#8243;][vc_column_text el_class=&#8221;centros-univ-title&#8221;]<\/p>\n<h1 style=\"text-align: center;\">AHOLKULARITZA<\/h1>\n<p>[\/vc_column_text][tm_spacer size=&#8221;xs:20;sm:30;md:60;lg:90&#8243;][\/vc_column][\/vc_row][vc_row content_placement=&#8221;middle&#8221; lg_spacing=&#8221;padding_top:0;padding_right:70;padding_bottom:120;padding_left:70&#8243; sm_spacing=&#8221;padding_right:15;padding_bottom:0;padding_left:15&#8243; xs_spacing=&#8221;padding_top:0&#8243; md_spacing=&#8221;padding_right:60;padding_left:60&#8243; el_id=&#8221;auditorias&#8221;][vc_column width=&#8221;1\/2&#8243; xs_spacing=&#8221;margin_bottom:40&#8243;][tm_image align=&#8221;center&#8221; image=&#8221;3279&#8243;][\/vc_column][vc_column width=&#8221;1\/2&#8243; lg_spacing=&#8221;margin_top:0;padding_top:0&#8243; md_spacing=&#8221;margin_top:0;padding_top:0&#8243;][vc_column_text el_class=&#8221;centros-univ-title titulo-secundario&#8221;]<\/p>\n<h3>Gaurko erronkei aurre egin<\/h3>\n<p>[\/vc_column_text][tm_spacer size=&#8221;lg:20&#8243;][vc_column_text el_class=&#8221;text-bullet&#8221;]<\/p>\n<p style=\"text-align: justify;\"><strong class=\"bullet\">&gt;\u00a0 <\/strong><strong>Jabetza Industrial Ikuskaritza,<\/strong> argi eta erraz modu batean, ikuspegi objektibo bat ematen dizugu. Funtsezko informazioa, enpresaren barne erabaki aproposak hartzeko, hala nola inbertitzaile berrien sarrera, Atzerriko merkatuetan sartu&#8230;<\/p>\n<ul>\n<li>Zure erregistro eta eskaeraren <strong>egoera,<\/strong> besteak beste:\n<ul>\n<li><strong>Akatsak detektatzea<\/strong> eta konponbideak aurkitzea.<\/li>\n<li><strong>Arrakasta aukeraren balorazioa.<\/strong><\/li>\n<li><strong>Etorkizunerako<\/strong> ekintzei buruz gomendioa.<\/li>\n<li>Bete gabeko <strong>babes beharrak<\/strong> eta babes-estrategia.<\/li>\n<\/ul>\n<\/li>\n<li>Zure enpresari balio ematen dioten <strong>aktiboak kokatu.<\/strong><\/li>\n<li>Kudeaketa <strong>kostuak optimizatzeko<\/strong> proposamenak.<\/li>\n<li>Legeen prozesuak zure enpresaren beharretara egokitzeko prozedurei buruzko <strong>gomendioak<\/strong> (ordainketak atzeratzea, kudeaketa azkartzea, erregistroak ez bikoiztea &#8230;).<\/li>\n<li>Nazioartekotze estrategiak, zure enpresaren garapena ildotik.<\/li>\n<\/ul>\n<p>[\/vc_column_text][\/vc_column][vc_column][tm_spacer size=&#8221;xs:40;sm:40;lg:50&#8243;][vc_column_text el_class=&#8221;more-info&#8221;]<\/p>\n<p style=\"text-align: center !important;\"><a href=\"https:\/\/san-martin.es\/eu\/kontaktua\/\">Gehiago jakin nahi?<\/a><\/p>\n<p>[\/vc_column_text][tm_spacer size=&#8221;xs:50;sm:50;lg:0&#8243;][\/vc_column][\/vc_row][vc_row full_width=&#8221;stretch_row&#8221; content_placement=&#8221;middle&#8221; background_color=&#8221;custom&#8221; lg_spacing=&#8221;padding_top:120;padding_right:140;padding_bottom:120;padding_left:140&#8243; sm_spacing=&#8221;padding_right:15;padding_bottom:93;padding_left:15&#8243; xs_spacing=&#8221;padding_top:80&#8243; md_spacing=&#8221;padding_right:60;padding_left:60&#8243; custom_background_color=&#8221;#f8f8f8&#8243; el_id=&#8221;informes&#8221;][vc_column width=&#8221;1\/2&#8243; xs_spacing=&#8221;margin_bottom:40;padding_right:15;padding_left:15&#8243; sm_spacing=&#8221;padding_right:30;padding_left:30&#8243;][vc_column_text el_class=&#8221;centros-univ-title titulo-secundario titulo-informe&#8221;]<\/p>\n<h3>Zure gustuko etorkizuna prestatu<\/h3>\n<p>[\/vc_column_text][tm_spacer size=&#8221;xs:20;sm:20;lg:0&#8243;][vc_column_text el_class=&#8221;content-informes&#8221;]<\/p>\n<ul>\n<li><strong>Informazio teknologikoa<\/strong>; Ikerketa hasi aurretik edo negozio lerro berri bat ireki aurretik, jakin ezazu zure sektorean dauden garapenak.<\/li>\n<li><strong>Gastuen aurreikuspenak<\/strong>.<\/li>\n<li>Produktu, prozesu edo diseinuen <strong>babes beharrak detektatzea<\/strong>, industria sekretu gisa mantentzeko aukera ebaluatuz.<\/li>\n<li><strong>Aktibo berriak babesteko estrategien<\/strong> garapena, eskuragarri dauden baliabideak kontutan hartuz.<\/li>\n<li>Nazioartekotze prozesuetan laguntza; interesa daukazun lurraldeen arauei buruzko informazioa.<\/li>\n<\/ul>\n<p>[\/vc_column_text][tm_spacer size=&#8221;xs:40;sm:40;lg:26&#8243;][vc_column_text el_class=&#8221;text-center-md more-info&#8221;]<\/p>\n<p style=\"text-align: left;\"><a href=\"https:\/\/san-martin.es\/eu\/kontaktua\/\">Gehiago jakin nahi?<\/a><\/p>\n<p>[\/vc_column_text][tm_spacer size=&#8221;xs:50;sm:50;lg:38&#8243;][\/vc_column][vc_column width=&#8221;1\/2&#8243; el_class=&#8221;img-informes&#8221;][tm_image align=&#8221;center&#8221; image=&#8221;3280&#8243;][\/vc_column][\/vc_row][vc_row content_placement=&#8221;middle&#8221; lg_spacing=&#8221;padding_top:120;padding_right:70;padding_bottom:120;padding_left:70&#8243; sm_spacing=&#8221;padding_right:15;padding_bottom:0;padding_left:15&#8243; xs_spacing=&#8221;padding_top:80&#8243; md_spacing=&#8221;padding_right:60;padding_left:60&#8243; el_id=&#8221;herramientas&#8221;][vc_column width=&#8221;1\/2&#8243; xs_spacing=&#8221;margin_bottom:40&#8243;][tm_image align=&#8221;center&#8221; image=&#8221;3281&#8243;][\/vc_column][vc_column width=&#8221;1\/2&#8243; lg_spacing=&#8221;margin_top:0;padding_top:0&#8243; md_spacing=&#8221;margin_top:0;padding_top:0&#8243;][vc_column_text el_class=&#8221;centros-univ-title titulo-secundario&#8221;]<\/p>\n<h3>Zure zerbitzura jartzen ditugun tresnekin<\/h3>\n<p>[\/vc_column_text][tm_spacer size=&#8221;lg:26&#8243;][vc_column_text]<\/p>\n<ul>\n<li>Zure erregistroen <strong>antolaketa eta kontrol sistemak.<\/strong><\/li>\n<li>Jabetza Industrialeko <strong>erabakiak hartzeko ereduak<\/strong>.<\/li>\n<li><strong>Asmakizunak komunikatzeko<\/strong> barne-protokoloak.<\/li>\n<\/ul>\n<p>[\/vc_column_text][tm_spacer size=&#8221;sm:40;lg:38&#8243;][vc_column_text el_class=&#8221;text-center-md more-info&#8221;]<\/p>\n<p style=\"text-align: left;\"><a href=\"https:\/\/san-martin.es\/eu\/kontaktua\/\">Gehiago jakin nahi?<\/a><\/p>\n<p>[\/vc_column_text][tm_spacer size=&#8221;sm:50;lg:26&#8243;][\/vc_column][\/vc_row][vc_row full_width=&#8221;stretch_row&#8221; background_color=&#8221;custom&#8221; custom_background_color=&#8221;#f8f8f8&#8243; el_id=&#8221;formacion&#8221; lg_spacing=&#8221;padding_right:60;padding_left:60&#8243; md_spacing=&#8221;padding_right:15;padding_left:15&#8243;][vc_column][tm_spacer size=&#8221;sm:50;md:40;lg:100&#8243;][\/vc_column][\/vc_row][vc_row full_width=&#8221;stretch_row&#8221; content_placement=&#8221;top&#8221; background_color=&#8221;custom&#8221; lg_spacing=&#8221;padding_top:50;padding_right:140;padding_bottom:0;padding_left:140&#8243; sm_spacing=&#8221;padding_right:5;padding_bottom:0;padding_left:5&#8243; xs_spacing=&#8221;padding_top:80&#8243; md_spacing=&#8221;padding_right:60;padding_left:60&#8243; custom_background_color=&#8221;#f8f8f8&#8243;][vc_column width=&#8221;1\/2&#8243; xs_spacing=&#8221;margin_bottom:40;padding_right:15;padding_left:15&#8243; sm_spacing=&#8221;padding_right:30;padding_left:30&#8243; el_class=&#8221;content-formacion&#8221;][vc_column_text el_class=&#8221;centros-univ-title&#8221;]<\/p>\n<h1>PRESTAKUNTZA<\/h1>\n<p>[\/vc_column_text][vc_column_text]<\/p>\n<ul>\n<li><strong>Enpresa eta ekintzaileei<\/strong> zuzendutako hitzaldiak, markaren babesari arreta berezia eskainiz.<\/li>\n<li>Prestakuntza mintegiak <strong>ikerketa zentroetan eta I + G arloko enpresekin<\/strong>, asmakizunen eta diseinu industrialen babesari arreta berezia emanez.<\/li>\n<li><strong>Sektoreko profesionalentzako<\/strong> prestakuntza espezifikoa, Jabetza Industriala eta legegintza garapenei buruz.<\/li>\n<\/ul>\n<p>[\/vc_column_text][tm_spacer size=&#8221;sm:40;lg:38&#8243;][vc_column_text el_class=&#8221;text-center-md more-info&#8221;]<\/p>\n<p style=\"text-align: left;\"><a href=\"https:\/\/san-martin.es\/eu\/kontaktua\/\">Gehiago jakin nahi?<\/a><\/p>\n<p>[\/vc_column_text][tm_spacer size=&#8221;xs:20;sm:30;md:60;lg:80&#8243;][\/vc_column][vc_column width=&#8221;1\/2&#8243;][tm_image align=&#8221;center&#8221; image=&#8221;3570&#8243;][tm_spacer size=&#8221;xs:20;sm:30;md:60;lg:80&#8243;][\/vc_column][\/vc_row]<\/p>\n<\/div>","protected":false},"excerpt":{"rendered":"[vc_row][vc_column][tm_spacer size=&#8221;xs:20;sm:30;md:60;lg:80&#8243;][vc_column_text el_class=&#8221;centros-univ-title&#8221;] AHOLKULARITZA [\/vc_column_text][tm_spacer size=&#8221;xs:20;sm:30;md:60;lg:90&#8243;][\/vc_column][\/vc_row][vc_row content_placement=&#8221;middle&#8221; lg_spacing=&#8221;padding_top:0;padding_right:70;padding_bottom:120;padding_left:70&#8243; sm_spacing=&#8221;padding_right:15;padding_bottom:0;padding_left:15&#8243; xs_spacing=&#8221;padding_top:0&#8243; md_spacing=&#8221;padding_right:60;padding_left:60&#8243; el_id=&#8221;auditorias&#8221;][vc_column width=&#8221;1\/2&#8243; xs_spacing=&#8221;margin_bottom:40&#8243;][tm_image align=&#8221;center&#8221; image=&#8221;3279&#8243;][\/vc_column][vc_column width=&#8221;1\/2&#8243; lg_spacing=&#8221;margin_top:0;padding_top:0&#8243; md_spacing=&#8221;margin_top:0;padding_top:0&#8243;][vc_column_text el_class=&#8221;centros-univ-title titulo-secundario&#8221;] Gaurko erronkei aurre egin [\/vc_column_text][tm_spacer size=&#8221;lg:20&#8243;][vc_column_text el_class=&#8221;text-bullet&#8221;] &gt;\u00a0 Jabetza Industrial Ikuskaritza, argi eta erraz modu batean, ikuspegi objektibo bat ematen dizugu. Funtsezko informazioa, enpresaren barne erabaki aproposak hartzeko, hala nola inbertitzaile berrien sarrera, Atzerriko merkatuetan sartu&#8230; Zure erregistro eta eskaeraren egoera, besteak beste: Akatsak detektatzea eta konponbideak aurkitzea. Arrakasta aukeraren balorazioa. Etorkizunerako ekintzei buruz gomendioa. Bete gabeko babes beharrak eta babes-estrategia. Zure enpresari balio ematen dioten aktiboak kokatu. Kudeaketa kostuak optimizatzeko proposamenak. Legeen prozesuak zure enpresaren beharretara egokitzeko prozedurei buruzko gomendioak (ordainketak atzeratzea, kudeaketa azkartzea, erregistroak ez bikoiztea &#8230;). Nazioartekotze estrategiak, zure enpresaren garapena ildotik. [\/vc_column_text][\/vc_column][vc_column][tm_spacer size=&#8221;xs:40;sm:40;lg:50&#8243;][vc_column_text el_class=&#8221;more-info&#8221;] Gehiago jakin nahi? [\/vc_column_text][tm_spacer size=&#8221;xs:50;sm:50;lg:0&#8243;][\/vc_column][\/vc_row][vc_row full_width=&#8221;stretch_row&#8221; content_placement=&#8221;middle&#8221; background_color=&#8221;custom&#8221; lg_spacing=&#8221;padding_top:120;padding_right:140;padding_bottom:120;padding_left:140&#8243; sm_spacing=&#8221;padding_right:15;padding_bottom:93;padding_left:15&#8243; xs_spacing=&#8221;padding_top:80&#8243; md_spacing=&#8221;padding_right:60;padding_left:60&#8243; custom_background_color=&#8221;#f8f8f8&#8243; el_id=&#8221;informes&#8221;][vc_column width=&#8221;1\/2&#8243; xs_spacing=&#8221;margin_bottom:40;padding_right:15;padding_left:15&#8243; sm_spacing=&#8221;padding_right:30;padding_left:30&#8243;][vc_column_text el_class=&#8221;centros-univ-title titulo-secundario titulo-informe&#8221;] Zure gustuko etorkizuna prestatu [\/vc_column_text][tm_spacer size=&#8221;xs:20;sm:20;lg:0&#8243;][vc_column_text el_class=&#8221;content-informes&#8221;] Informazio teknologikoa; Ikerketa hasi aurretik edo negozio lerro berri bat ireki aurretik, jakin ezazu zure sektorean dauden garapenak. Gastuen aurreikuspenak. Produktu, prozesu edo diseinuen babes beharrak detektatzea, industria sekretu gisa mantentzeko aukera ebaluatuz. Aktibo berriak babesteko estrategien garapena, eskuragarri dauden baliabideak kontutan hartuz. Nazioartekotze prozesuetan laguntza; interesa daukazun lurraldeen arauei buruzko informazioa. [\/vc_column_text][tm_spacer size=&#8221;xs:40;sm:40;lg:26&#8243;][vc_column_text el_class=&#8221;text-center-md more-info&#8221;] Gehiago jakin nahi? [\/vc_column_text][tm_spacer size=&#8221;xs:50;sm:50;lg:38&#8243;][\/vc_column][vc_column width=&#8221;1\/2&#8243; el_class=&#8221;img-informes&#8221;][tm_image align=&#8221;center&#8221; image=&#8221;3280&#8243;][\/vc_column][\/vc_row][vc_row content_placement=&#8221;middle&#8221; lg_spacing=&#8221;padding_top:120;padding_right:70;padding_bottom:120;padding_left:70&#8243; sm_spacing=&#8221;padding_right:15;padding_bottom:0;padding_left:15&#8243; xs_spacing=&#8221;padding_top:80&#8243; md_spacing=&#8221;padding_right:60;padding_left:60&#8243; el_id=&#8221;herramientas&#8221;][vc_column width=&#8221;1\/2&#8243; xs_spacing=&#8221;margin_bottom:40&#8243;][tm_image align=&#8221;center&#8221; image=&#8221;3281&#8243;][\/vc_column][vc_column width=&#8221;1\/2&#8243; lg_spacing=&#8221;margin_top:0;padding_top:0&#8243; md_spacing=&#8221;margin_top:0;padding_top:0&#8243;][vc_column_text el_class=&#8221;centros-univ-title titulo-secundario&#8221;] Zure zerbitzura jartzen ditugun tresnekin [\/vc_column_text][tm_spacer size=&#8221;lg:26&#8243;][vc_column_text] Zure erregistroen antolaketa eta kontrol sistemak. Jabetza Industrialeko erabakiak hartzeko ereduak. Asmakizunak komunikatzeko barne-protokoloak. [\/vc_column_text][tm_spacer size=&#8221;sm:40;lg:38&#8243;][vc_column_text el_class=&#8221;text-center-md more-info&#8221;] Gehiago jakin nahi? [\/vc_column_text][tm_spacer size=&#8221;sm:50;lg:26&#8243;][\/vc_column][\/vc_row][vc_row full_width=&#8221;stretch_row&#8221; background_color=&#8221;custom&#8221; custom_background_color=&#8221;#f8f8f8&#8243; el_id=&#8221;formacion&#8221; lg_spacing=&#8221;padding_right:60;padding_left:60&#8243; md_spacing=&#8221;padding_right:15;padding_left:15&#8243;][vc_column][tm_spacer size=&#8221;sm:50;md:40;lg:100&#8243;][\/vc_column][\/vc_row][vc_row full_width=&#8221;stretch_row&#8221; content_placement=&#8221;top&#8221; background_color=&#8221;custom&#8221; lg_spacing=&#8221;padding_top:50;padding_right:140;padding_bottom:0;padding_left:140&#8243; sm_spacing=&#8221;padding_right:5;padding_bottom:0;padding_left:5&#8243; xs_spacing=&#8221;padding_top:80&#8243; md_spacing=&#8221;padding_right:60;padding_left:60&#8243; custom_background_color=&#8221;#f8f8f8&#8243;][vc_column width=&#8221;1\/2&#8243; xs_spacing=&#8221;margin_bottom:40;padding_right:15;padding_left:15&#8243; sm_spacing=&#8221;padding_right:30;padding_left:30&#8243; el_class=&#8221;content-formacion&#8221;][vc_column_text el_class=&#8221;centros-univ-title&#8221;] PRESTAKUNTZA [\/vc_column_text][vc_column_text] Enpresa eta ekintzaileei zuzendutako hitzaldiak, markaren babesari arreta berezia eskainiz. Prestakuntza mintegiak ikerketa zentroetan eta I + G arloko enpresekin, asmakizunen eta diseinu industrialen babesari arreta berezia emanez. Sektoreko profesionalentzako prestakuntza espezifikoa, Jabetza Industriala eta legegintza garapenei buruz. [\/vc_column_text][tm_spacer size=&#8221;sm:40;lg:38&#8243;][vc_column_text el_class=&#8221;text-center-md more-info&#8221;] Gehiago jakin nahi? [\/vc_column_text][tm_spacer size=&#8221;xs:20;sm:30;md:60;lg:80&#8243;][\/vc_column][vc_column width=&#8221;1\/2&#8243;][tm_image align=&#8221;center&#8221; image=&#8221;3570&#8243;][tm_spacer size=&#8221;xs:20;sm:30;md:60;lg:80&#8243;][\/vc_column][\/vc_row]","protected":false},"author":1,"featured_media":0,"parent":0,"menu_order":0,"comment_status":"closed","ping_status":"closed","template":"","meta":{"inline_featured_image":false,"_exactmetrics_skip_tracking":false,"_exactmetrics_sitenote_active":false,"_exactmetrics_sitenote_note":"","_exactmetrics_sitenote_category":0,"footnotes":""},"class_list":["post-4529","page","type-page","status-publish","hentry"],"yoast_head":"<!-- This site is optimized with the Yoast SEO plugin v27.3 - https:\/\/yoast.com\/product\/yoast-seo-wordpress\/ -->\n<title>AHOLKULARITZA - San Mart\u00edn<\/title>\n<meta name=\"description\" content=\"Afrontamos los desafios presentes y dise\u00f1amos un futuro a su medida con las herramientas que ponemos a su disposici\u00f3n\" \/>\n<meta name=\"robots\" content=\"index, follow, max-snippet:-1, max-image-preview:large, max-video-preview:-1\" \/>\n<link rel=\"canonical\" href=\"https:\/\/san-martin.es\/eu\/aholkularitza\/\" \/>\n<meta property=\"og:locale\" content=\"eu_ES\" \/>\n<meta property=\"og:type\" content=\"article\" \/>\n<meta property=\"og:title\" content=\"AHOLKULARITZA - San Mart\u00edn\" \/>\n<meta property=\"og:description\" content=\"Afrontamos los desafios presentes y dise\u00f1amos un futuro a su medida con las herramientas que ponemos a su disposici\u00f3n\" \/>\n<meta property=\"og:url\" content=\"https:\/\/san-martin.es\/eu\/aholkularitza\/\" \/>\n<meta property=\"og:site_name\" content=\"San Mart\u00edn\" \/>\n<meta property=\"article:modified_time\" content=\"2019-06-21T20:49:05+00:00\" \/>\n<meta property=\"og:image\" content=\"https:\/\/san-martin.es\/wp-content\/uploads\/2019\/06\/san-martin-fb.png\" \/>\n\t<meta property=\"og:image:width\" content=\"1000\" \/>\n\t<meta property=\"og:image:height\" content=\"526\" \/>\n\t<meta property=\"og:image:type\" content=\"image\/png\" \/>\n<meta name=\"twitter:card\" content=\"summary_large_image\" \/>\n<meta name=\"twitter:label1\" content=\"Est. reading time\" \/>\n\t<meta name=\"twitter:data1\" content=\"4 minutes\" \/>\n<script type=\"application\/ld+json\" class=\"yoast-schema-graph\">{\"@context\":\"https:\\\/\\\/schema.org\",\"@graph\":[{\"@type\":\"WebPage\",\"@id\":\"https:\\\/\\\/san-martin.es\\\/eu\\\/aholkularitza\\\/\",\"url\":\"https:\\\/\\\/san-martin.es\\\/eu\\\/aholkularitza\\\/\",\"name\":\"AHOLKULARITZA - San Mart\u00edn\",\"isPartOf\":{\"@id\":\"https:\\\/\\\/san-martin.es\\\/#website\"},\"datePublished\":\"2019-06-21T16:14:26+00:00\",\"dateModified\":\"2019-06-21T20:49:05+00:00\",\"description\":\"Afrontamos los desafios presentes y dise\u00f1amos un futuro a su medida con las herramientas que ponemos a su disposici\u00f3n\",\"breadcrumb\":{\"@id\":\"https:\\\/\\\/san-martin.es\\\/eu\\\/aholkularitza\\\/#breadcrumb\"},\"inLanguage\":\"eu-ES\",\"potentialAction\":[{\"@type\":\"ReadAction\",\"target\":[\"https:\\\/\\\/san-martin.es\\\/eu\\\/aholkularitza\\\/\"]}]},{\"@type\":\"BreadcrumbList\",\"@id\":\"https:\\\/\\\/san-martin.es\\\/eu\\\/aholkularitza\\\/#breadcrumb\",\"itemListElement\":[{\"@type\":\"ListItem\",\"position\":1,\"name\":\"Portada\",\"item\":\"https:\\\/\\\/san-martin.es\\\/eu\\\/\"},{\"@type\":\"ListItem\",\"position\":2,\"name\":\"AHOLKULARITZA\"}]},{\"@type\":\"WebSite\",\"@id\":\"https:\\\/\\\/san-martin.es\\\/#website\",\"url\":\"https:\\\/\\\/san-martin.es\\\/\",\"name\":\"San Mart\u00edn\",\"description\":\"San Mart\u00edn\",\"publisher\":{\"@id\":\"https:\\\/\\\/san-martin.es\\\/#organization\"},\"potentialAction\":[{\"@type\":\"SearchAction\",\"target\":{\"@type\":\"EntryPoint\",\"urlTemplate\":\"https:\\\/\\\/san-martin.es\\\/?s={search_term_string}\"},\"query-input\":{\"@type\":\"PropertyValueSpecification\",\"valueRequired\":true,\"valueName\":\"search_term_string\"}}],\"inLanguage\":\"eu-ES\"},{\"@type\":\"Organization\",\"@id\":\"https:\\\/\\\/san-martin.es\\\/#organization\",\"name\":\"San Mart\u00edn\",\"url\":\"https:\\\/\\\/san-martin.es\\\/\",\"logo\":{\"@type\":\"ImageObject\",\"inLanguage\":\"eu-ES\",\"@id\":\"https:\\\/\\\/san-martin.es\\\/#\\\/schema\\\/logo\\\/image\\\/\",\"url\":\"https:\\\/\\\/san-martin.es\\\/wp-content\\\/uploads\\\/2017\\\/09\\\/logo-sin-slogan.png\",\"contentUrl\":\"https:\\\/\\\/san-martin.es\\\/wp-content\\\/uploads\\\/2017\\\/09\\\/logo-sin-slogan.png\",\"width\":181,\"height\":41,\"caption\":\"San Mart\u00edn\"},\"image\":{\"@id\":\"https:\\\/\\\/san-martin.es\\\/#\\\/schema\\\/logo\\\/image\\\/\"},\"sameAs\":[\"https:\\\/\\\/es.linkedin.com\\\/in\\\/esther-san-martin-alarcia\"]}]}<\/script>\n<!-- \/ Yoast SEO plugin. -->","yoast_head_json":{"title":"AHOLKULARITZA - San Mart\u00edn","description":"Afrontamos los desafios presentes y dise\u00f1amos un futuro a su medida con las herramientas que ponemos a su disposici\u00f3n","robots":{"index":"index","follow":"follow","max-snippet":"max-snippet:-1","max-image-preview":"max-image-preview:large","max-video-preview":"max-video-preview:-1"},"canonical":"https:\/\/san-martin.es\/eu\/aholkularitza\/","og_locale":"eu_ES","og_type":"article","og_title":"AHOLKULARITZA - San Mart\u00edn","og_description":"Afrontamos los desafios presentes y dise\u00f1amos un futuro a su medida con las herramientas que ponemos a su disposici\u00f3n","og_url":"https:\/\/san-martin.es\/eu\/aholkularitza\/","og_site_name":"San Mart\u00edn","article_modified_time":"2019-06-21T20:49:05+00:00","og_image":[{"width":1000,"height":526,"url":"https:\/\/san-martin.es\/wp-content\/uploads\/2019\/06\/san-martin-fb.png","type":"image\/png"}],"twitter_card":"summary_large_image","twitter_misc":{"Est. reading time":"4 minutes"},"schema":{"@context":"https:\/\/schema.org","@graph":[{"@type":"WebPage","@id":"https:\/\/san-martin.es\/eu\/aholkularitza\/","url":"https:\/\/san-martin.es\/eu\/aholkularitza\/","name":"AHOLKULARITZA - San Mart\u00edn","isPartOf":{"@id":"https:\/\/san-martin.es\/#website"},"datePublished":"2019-06-21T16:14:26+00:00","dateModified":"2019-06-21T20:49:05+00:00","description":"Afrontamos los desafios presentes y dise\u00f1amos un futuro a su medida con las herramientas que ponemos a su disposici\u00f3n","breadcrumb":{"@id":"https:\/\/san-martin.es\/eu\/aholkularitza\/#breadcrumb"},"inLanguage":"eu-ES","potentialAction":[{"@type":"ReadAction","target":["https:\/\/san-martin.es\/eu\/aholkularitza\/"]}]},{"@type":"BreadcrumbList","@id":"https:\/\/san-martin.es\/eu\/aholkularitza\/#breadcrumb","itemListElement":[{"@type":"ListItem","position":1,"name":"Portada","item":"https:\/\/san-martin.es\/eu\/"},{"@type":"ListItem","position":2,"name":"AHOLKULARITZA"}]},{"@type":"WebSite","@id":"https:\/\/san-martin.es\/#website","url":"https:\/\/san-martin.es\/","name":"San Mart\u00edn","description":"San Mart\u00edn","publisher":{"@id":"https:\/\/san-martin.es\/#organization"},"potentialAction":[{"@type":"SearchAction","target":{"@type":"EntryPoint","urlTemplate":"https:\/\/san-martin.es\/?s={search_term_string}"},"query-input":{"@type":"PropertyValueSpecification","valueRequired":true,"valueName":"search_term_string"}}],"inLanguage":"eu-ES"},{"@type":"Organization","@id":"https:\/\/san-martin.es\/#organization","name":"San Mart\u00edn","url":"https:\/\/san-martin.es\/","logo":{"@type":"ImageObject","inLanguage":"eu-ES","@id":"https:\/\/san-martin.es\/#\/schema\/logo\/image\/","url":"https:\/\/san-martin.es\/wp-content\/uploads\/2017\/09\/logo-sin-slogan.png","contentUrl":"https:\/\/san-martin.es\/wp-content\/uploads\/2017\/09\/logo-sin-slogan.png","width":181,"height":41,"caption":"San Mart\u00edn"},"image":{"@id":"https:\/\/san-martin.es\/#\/schema\/logo\/image\/"},"sameAs":["https:\/\/es.linkedin.com\/in\/esther-san-martin-alarcia"]}]}},"_links":{"self":[{"href":"https:\/\/san-martin.es\/eu\/wp-json\/wp\/v2\/pages\/4529","targetHints":{"allow":["GET"]}}],"collection":[{"href":"https:\/\/san-martin.es\/eu\/wp-json\/wp\/v2\/pages"}],"about":[{"href":"https:\/\/san-martin.es\/eu\/wp-json\/wp\/v2\/types\/page"}],"author":[{"embeddable":true,"href":"https:\/\/san-martin.es\/eu\/wp-json\/wp\/v2\/users\/1"}],"replies":[{"embeddable":true,"href":"https:\/\/san-martin.es\/eu\/wp-json\/wp\/v2\/comments?post=4529"}],"version-history":[{"count":8,"href":"https:\/\/san-martin.es\/eu\/wp-json\/wp\/v2\/pages\/4529\/revisions"}],"predecessor-version":[{"id":4593,"href":"https:\/\/san-martin.es\/eu\/wp-json\/wp\/v2\/pages\/4529\/revisions\/4593"}],"wp:attachment":[{"href":"https:\/\/san-martin.es\/eu\/wp-json\/wp\/v2\/media?parent=4529"}],"curies":[{"name":"wp","href":"https:\/\/api.w.org\/{rel}","templated":true}]}}