{"id":4538,"date":"2019-06-21T16:29:13","date_gmt":"2019-06-21T16:29:13","guid":{"rendered":"https:\/\/san-martin.es\/?page_id=4538"},"modified":"2021-09-09T07:13:26","modified_gmt":"2021-09-09T07:13:26","slug":"nor-gara","status":"publish","type":"page","link":"https:\/\/san-martin.es\/eu\/nor-gara\/","title":{"rendered":"NOR GARA"},"content":{"rendered":"<div class=\"wpb-content-wrapper\"><p>[vc_row][vc_column][tm_spacer size=&#8221;xs:20;sm:30;md:60;lg:80&#8243;][vc_column_text el_class=&#8221;centros-univ-title&#8221;]<\/p>\n<h1 style=\"text-align: center;\">NOR GARA<\/h1>\n<p>[\/vc_column_text][tm_spacer size=&#8221;xs:20;sm:30;md:60;lg:90&#8243;][\/vc_column][\/vc_row][vc_row content_placement=&#8221;middle&#8221; lg_spacing=&#8221;padding_top:0;padding_right:70;padding_bottom:0;padding_left:70&#8243; sm_spacing=&#8221;padding_right:5;padding_bottom:93;padding_left:5&#8243; md_spacing=&#8221;padding_right:60;padding_left:60&#8243;][vc_column width=&#8221;1\/2&#8243; xs_spacing=&#8221;margin_bottom:40&#8243;][vc_column_text el_class=&#8221;centros-univ-title&#8221;]<\/p>\n<h4>GU<\/h4>\n<p>[\/vc_column_text][tm_spacer size=&#8221;lg:13&#8243;][vc_column_text el_class=&#8221;content-star-bullet&#8221;]<\/p>\n<ul>\n<li><strong>ESPEZIALISTAK:<\/strong> Jabetza industrialan 15 urte baino gehiagoko esperientzia.<\/li>\n<li><strong>GARDENAK:<\/strong>\u00a0behar duzun informazio guztia ematen dizugu.<\/li>\n<li><strong>GERTUKOAK:<\/strong>\u00a0zure proiektua ezagutu eta zure garapenean lagundu nahi dugu.<\/li>\n<li><strong>ARINAK:<\/strong>\u00a0baina batez ere eraginkorra; erantzun egokia aurkitzea gure lehentasuna da.<\/li>\n<li><strong>POLIFAZETIKOAK:<\/strong>\u00a0denok ez dugu gauza bera behar; zure kezkak eta erronkak kontuan hartzen ditugu<\/li>\n<\/ul>\n<p>[\/vc_column_text][tm_spacer size=&#8221;lg:26&#8243;][\/vc_column][vc_column width=&#8221;1\/2&#8243;][vc_column_text el_class=&#8221;centros-univ-title&#8221;]<\/p>\n<h4>GURE HELBURUA<\/h4>\n<p>[\/vc_column_text][tm_spacer size=&#8221;lg:13&#8243;][vc_column_text el_class=&#8221;content-darrow-bullet&#8221;]<\/p>\n<ul>\n<li><strong>Zure proiektua aurrera eramateko tresnak<\/strong> zure esku jartzea.<\/li>\n<li><strong>babes beharrak<\/strong> eta zure negoziorako <strong>hedapen aukera<\/strong> berriak detektatzea.<\/li>\n<li>Premian gainetik, <strong>etorkizuneko erronkei<\/strong> aurre egitea.<\/li>\n<li>Ikuspegi zuzena eta independentea eskaintzea, <strong>erabaki egokiak hartu<\/strong> ahal izaterako.<\/li>\n<li>Zure negozioaren babes beharrei <strong>orokorrean kudeatzea<\/strong> ikuspuntu juridiko, tekniko eta administratibo batetik.<\/li>\n<li>Zure ideien balioa babestea eta zure helburuak lortzen laguntzea.<\/li>\n<\/ul>\n<p>[\/vc_column_text][tm_spacer size=&#8221;lg:26&#8243;][\/vc_column][\/vc_row][vc_row full_width=&#8221;stretch_row&#8221; content_placement=&#8221;middle&#8221; background_color=&#8221;custom&#8221; lg_spacing=&#8221;padding_top:90;padding_right:70;padding_bottom:0;padding_left:70&#8243; sm_spacing=&#8221;padding_right:5;padding_bottom:0;padding_left:5&#8243; xs_spacing=&#8221;padding_top:80&#8243; md_spacing=&#8221;padding_right:60;padding_left:60&#8243; custom_background_color=&#8221;#f8f8f8&#8243;][vc_column width=&#8221;1\/2&#8243; xs_spacing=&#8221;margin_bottom:40&#8243;][vc_column_text el_class=&#8221;centros-univ-title titulo-cv&#8221;]<\/p>\n<h3>Esther SAN MARTIN<\/h3>\n<p>[\/vc_column_text][tm_spacer size=&#8221;lg:26&#8243;][vc_column_text css_animation=&#8221;bottom-to-top&#8221; el_class=&#8221;content-cv&#8221;]<\/p>\n<ul class=\"d-flex-wrap\">\n<li><i class=\"fas fa-star\"><\/i> Espainiako Jabetza Industrialaren Agentea<\/li>\n<li><i class=\"fas fa-star\"><\/i> Europako Diseinuen Agentea<\/li>\n<li><i class=\"fas fa-star\"><\/i> Europako Marken Agentea<\/li>\n<li><i class=\"fas fa-star\"><\/i> Europako Patenteen Agentea<\/li>\n<\/ul>\n<p>[\/vc_column_text][vc_column_text css_animation=&#8221;bottom-to-top&#8221; css=&#8221;.vc_custom_1561544344326{padding-top: 20px !important;}&#8221; el_class=&#8221;content-cv&#8221;]<\/p>\n<p style=\"color: #606060; font-size: 16px !important;\">2005ean nire ibilbide profesionala hasi nuen Espainiako Industria Jabetzako enpresa nagusietako batean, Patenteen eta Diseinuen esparruan, paralegal taldearen arduradun bezala. Han, <strong>Espainiako Jabetza Industrialeko Agentea eta Europako Patenteen Agentea<\/strong> tituluak atera nituen. 2017an lanpostua utzi ondoren, markak kudeaketan espezializatu nintzen.<\/p>\n<p style=\"color: #606060; font-size: 16px !important;\">Marka, diseinu eta patenteen aholkularitza eta kudeaketaren arloetan lortutako esperientzia eta ezagutzarekin, 2019n etapa profesional berri bat hasi nuen, eta horrekin batera <strong>SAN MARTIN<\/strong> jaio zen.<\/p>\n<p style=\"color: #606060; font-size: 16px !important;\">Erronkak ditut gustuko: egoera konplexuak eta gertakariak konpontzea; ustekabeko gertaerei aurre egiteko modu bat aurkitzea. Hau dena prestakuntza ahaztu gabe, hainbat ikastaroetan hizlari gisa parte hartzen.<\/p>\n<p>[\/vc_column_text][vc_column_text css_animation=&#8221;bottom-to-top&#8221; css=&#8221;.vc_custom_1561544400620{padding-top: 20px !important;}&#8221; el_class=&#8221;content-cv&#8221;]<\/p>\n<p style=\"font-size: 16px; margin: 0;\">Gehiago jakin nahi baduzu, egin klika<strong><a style=\"text-decoration: none;\" href=\"https:\/\/www.linkedin.com\/in\/esther-san-martin-alarcia\/\" target=\"_blank\" rel=\"noopener noreferrer\"> hemen<\/a><\/strong><\/p>\n<p>[\/vc_column_text][tm_spacer size=&#8221;xs:40;sm:40;lg:42&#8243;][vc_column_text el_class=&#8221;text-center-md more-info&#8221;]<\/p>\n<p style=\"text-align: center;\"><a href=\"https:\/\/san-martin.es\/eu\/kontaktua\/\">Hitz egin dezagun?<\/a><\/p>\n<p>[\/vc_column_text][tm_spacer size=&#8221;xs:20;sm:30;md:60;lg:80&#8243;][\/vc_column][vc_column width=&#8221;1\/2&#8243;][tm_image align=&#8221;center&#8221; el_class=&#8221;img-cv&#8221; image=&#8221;3312&#8243;][\/vc_column][\/vc_row]<\/p>\n<\/div>","protected":false},"excerpt":{"rendered":"[vc_row][vc_column][tm_spacer size=&#8221;xs:20;sm:30;md:60;lg:80&#8243;][vc_column_text el_class=&#8221;centros-univ-title&#8221;] NOR GARA [\/vc_column_text][tm_spacer size=&#8221;xs:20;sm:30;md:60;lg:90&#8243;][\/vc_column][\/vc_row][vc_row content_placement=&#8221;middle&#8221; lg_spacing=&#8221;padding_top:0;padding_right:70;padding_bottom:0;padding_left:70&#8243; sm_spacing=&#8221;padding_right:5;padding_bottom:93;padding_left:5&#8243; md_spacing=&#8221;padding_right:60;padding_left:60&#8243;][vc_column width=&#8221;1\/2&#8243; xs_spacing=&#8221;margin_bottom:40&#8243;][vc_column_text el_class=&#8221;centros-univ-title&#8221;] GU [\/vc_column_text][tm_spacer size=&#8221;lg:13&#8243;][vc_column_text el_class=&#8221;content-star-bullet&#8221;] ESPEZIALISTAK: Jabetza industrialan 15 urte baino gehiagoko esperientzia. GARDENAK:\u00a0behar duzun informazio guztia ematen dizugu. GERTUKOAK:\u00a0zure proiektua ezagutu eta zure garapenean lagundu nahi dugu. ARINAK:\u00a0baina batez ere eraginkorra; erantzun egokia aurkitzea gure lehentasuna da. POLIFAZETIKOAK:\u00a0denok ez dugu gauza bera behar; zure kezkak eta erronkak kontuan hartzen ditugu [\/vc_column_text][tm_spacer size=&#8221;lg:26&#8243;][\/vc_column][vc_column width=&#8221;1\/2&#8243;][vc_column_text el_class=&#8221;centros-univ-title&#8221;] GURE HELBURUA [\/vc_column_text][tm_spacer size=&#8221;lg:13&#8243;][vc_column_text el_class=&#8221;content-darrow-bullet&#8221;] Zure proiektua aurrera eramateko tresnak zure esku jartzea. babes beharrak eta zure negoziorako hedapen aukera berriak detektatzea. Premian gainetik, etorkizuneko erronkei aurre egitea. Ikuspegi zuzena eta independentea eskaintzea, erabaki egokiak hartu ahal izaterako. Zure negozioaren babes beharrei orokorrean kudeatzea ikuspuntu juridiko, tekniko eta administratibo batetik. Zure ideien balioa babestea eta zure helburuak lortzen laguntzea. [\/vc_column_text][tm_spacer size=&#8221;lg:26&#8243;][\/vc_column][\/vc_row][vc_row full_width=&#8221;stretch_row&#8221; content_placement=&#8221;middle&#8221; background_color=&#8221;custom&#8221; lg_spacing=&#8221;padding_top:90;padding_right:70;padding_bottom:0;padding_left:70&#8243; sm_spacing=&#8221;padding_right:5;padding_bottom:0;padding_left:5&#8243; xs_spacing=&#8221;padding_top:80&#8243; md_spacing=&#8221;padding_right:60;padding_left:60&#8243; custom_background_color=&#8221;#f8f8f8&#8243;][vc_column width=&#8221;1\/2&#8243; xs_spacing=&#8221;margin_bottom:40&#8243;][vc_column_text el_class=&#8221;centros-univ-title titulo-cv&#8221;] Esther SAN MARTIN [\/vc_column_text][tm_spacer size=&#8221;lg:26&#8243;][vc_column_text css_animation=&#8221;bottom-to-top&#8221; el_class=&#8221;content-cv&#8221;] Espainiako Jabetza Industrialaren Agentea Europako Diseinuen Agentea Europako Marken Agentea Europako Patenteen Agentea [\/vc_column_text][vc_column_text css_animation=&#8221;bottom-to-top&#8221; css=&#8221;.vc_custom_1561544344326{padding-top: 20px !important;}&#8221; el_class=&#8221;content-cv&#8221;] 2005ean nire ibilbide profesionala hasi nuen Espainiako Industria Jabetzako enpresa nagusietako batean, Patenteen eta Diseinuen esparruan, paralegal taldearen arduradun bezala. Han, Espainiako Jabetza Industrialeko Agentea eta Europako Patenteen Agentea tituluak atera nituen. 2017an lanpostua utzi ondoren, markak kudeaketan espezializatu nintzen. Marka, diseinu eta patenteen aholkularitza eta kudeaketaren arloetan lortutako esperientzia eta ezagutzarekin, 2019n etapa profesional berri bat hasi nuen, eta horrekin batera SAN MARTIN jaio zen. Erronkak ditut gustuko: egoera konplexuak eta gertakariak konpontzea; ustekabeko gertaerei aurre egiteko modu bat aurkitzea. Hau dena prestakuntza ahaztu gabe, hainbat ikastaroetan hizlari gisa parte hartzen. [\/vc_column_text][vc_column_text css_animation=&#8221;bottom-to-top&#8221; css=&#8221;.vc_custom_1561544400620{padding-top: 20px !important;}&#8221; el_class=&#8221;content-cv&#8221;] Gehiago jakin nahi baduzu, egin klika hemen [\/vc_column_text][tm_spacer size=&#8221;xs:40;sm:40;lg:42&#8243;][vc_column_text el_class=&#8221;text-center-md more-info&#8221;] Hitz egin dezagun? [\/vc_column_text][tm_spacer size=&#8221;xs:20;sm:30;md:60;lg:80&#8243;][\/vc_column][vc_column width=&#8221;1\/2&#8243;][tm_image align=&#8221;center&#8221; el_class=&#8221;img-cv&#8221; image=&#8221;3312&#8243;][\/vc_column][\/vc_row]","protected":false},"author":1,"featured_media":0,"parent":0,"menu_order":0,"comment_status":"closed","ping_status":"closed","template":"","meta":{"inline_featured_image":false,"_exactmetrics_skip_tracking":false,"_exactmetrics_sitenote_active":false,"_exactmetrics_sitenote_note":"","_exactmetrics_sitenote_category":0,"footnotes":""},"class_list":["post-4538","page","type-page","status-publish","hentry"],"yoast_head":"<!-- This site is optimized with the Yoast SEO plugin v27.3 - https:\/\/yoast.com\/product\/yoast-seo-wordpress\/ -->\n<title>NOR GARA - San Mart\u00edn<\/title>\n<meta name=\"description\" content=\"M\u00e1s de 12 a\u00f1os de experiencia en el campo de la Propiedad Industrial. Agente Espa\u00f1ol de la Propiedad Industrial y European Patent Attorney.\" \/>\n<meta name=\"robots\" content=\"index, follow, max-snippet:-1, max-image-preview:large, max-video-preview:-1\" \/>\n<link rel=\"canonical\" href=\"https:\/\/san-martin.es\/eu\/nor-gara\/\" \/>\n<meta property=\"og:locale\" content=\"eu_ES\" \/>\n<meta property=\"og:type\" content=\"article\" \/>\n<meta property=\"og:title\" content=\"NOR GARA - San Mart\u00edn\" \/>\n<meta property=\"og:description\" content=\"M\u00e1s de 12 a\u00f1os de experiencia en el campo de la Propiedad Industrial. Agente Espa\u00f1ol de la Propiedad Industrial y European Patent Attorney.\" \/>\n<meta property=\"og:url\" content=\"https:\/\/san-martin.es\/eu\/nor-gara\/\" \/>\n<meta property=\"og:site_name\" content=\"San Mart\u00edn\" \/>\n<meta property=\"article:modified_time\" content=\"2021-09-09T07:13:26+00:00\" \/>\n<meta property=\"og:image\" content=\"https:\/\/san-martin.es\/wp-content\/uploads\/2019\/06\/san-martin-fb.png\" \/>\n\t<meta property=\"og:image:width\" content=\"1000\" \/>\n\t<meta property=\"og:image:height\" content=\"526\" \/>\n\t<meta property=\"og:image:type\" content=\"image\/png\" \/>\n<meta name=\"twitter:card\" content=\"summary_large_image\" \/>\n<meta name=\"twitter:label1\" content=\"Est. reading time\" \/>\n\t<meta name=\"twitter:data1\" content=\"3 minutes\" \/>\n<script type=\"application\/ld+json\" class=\"yoast-schema-graph\">{\"@context\":\"https:\\\/\\\/schema.org\",\"@graph\":[{\"@type\":\"WebPage\",\"@id\":\"https:\\\/\\\/san-martin.es\\\/eu\\\/nor-gara\\\/\",\"url\":\"https:\\\/\\\/san-martin.es\\\/eu\\\/nor-gara\\\/\",\"name\":\"NOR GARA - San Mart\u00edn\",\"isPartOf\":{\"@id\":\"https:\\\/\\\/san-martin.es\\\/#website\"},\"datePublished\":\"2019-06-21T16:29:13+00:00\",\"dateModified\":\"2021-09-09T07:13:26+00:00\",\"description\":\"M\u00e1s de 12 a\u00f1os de experiencia en el campo de la Propiedad Industrial. Agente Espa\u00f1ol de la Propiedad Industrial y European Patent Attorney.\",\"breadcrumb\":{\"@id\":\"https:\\\/\\\/san-martin.es\\\/eu\\\/nor-gara\\\/#breadcrumb\"},\"inLanguage\":\"eu-ES\",\"potentialAction\":[{\"@type\":\"ReadAction\",\"target\":[\"https:\\\/\\\/san-martin.es\\\/eu\\\/nor-gara\\\/\"]}]},{\"@type\":\"BreadcrumbList\",\"@id\":\"https:\\\/\\\/san-martin.es\\\/eu\\\/nor-gara\\\/#breadcrumb\",\"itemListElement\":[{\"@type\":\"ListItem\",\"position\":1,\"name\":\"Portada\",\"item\":\"https:\\\/\\\/san-martin.es\\\/eu\\\/\"},{\"@type\":\"ListItem\",\"position\":2,\"name\":\"NOR GARA\"}]},{\"@type\":\"WebSite\",\"@id\":\"https:\\\/\\\/san-martin.es\\\/#website\",\"url\":\"https:\\\/\\\/san-martin.es\\\/\",\"name\":\"San Mart\u00edn\",\"description\":\"San Mart\u00edn\",\"publisher\":{\"@id\":\"https:\\\/\\\/san-martin.es\\\/#organization\"},\"potentialAction\":[{\"@type\":\"SearchAction\",\"target\":{\"@type\":\"EntryPoint\",\"urlTemplate\":\"https:\\\/\\\/san-martin.es\\\/?s={search_term_string}\"},\"query-input\":{\"@type\":\"PropertyValueSpecification\",\"valueRequired\":true,\"valueName\":\"search_term_string\"}}],\"inLanguage\":\"eu-ES\"},{\"@type\":\"Organization\",\"@id\":\"https:\\\/\\\/san-martin.es\\\/#organization\",\"name\":\"San Mart\u00edn\",\"url\":\"https:\\\/\\\/san-martin.es\\\/\",\"logo\":{\"@type\":\"ImageObject\",\"inLanguage\":\"eu-ES\",\"@id\":\"https:\\\/\\\/san-martin.es\\\/#\\\/schema\\\/logo\\\/image\\\/\",\"url\":\"https:\\\/\\\/san-martin.es\\\/wp-content\\\/uploads\\\/2017\\\/09\\\/logo-sin-slogan.png\",\"contentUrl\":\"https:\\\/\\\/san-martin.es\\\/wp-content\\\/uploads\\\/2017\\\/09\\\/logo-sin-slogan.png\",\"width\":181,\"height\":41,\"caption\":\"San Mart\u00edn\"},\"image\":{\"@id\":\"https:\\\/\\\/san-martin.es\\\/#\\\/schema\\\/logo\\\/image\\\/\"},\"sameAs\":[\"https:\\\/\\\/es.linkedin.com\\\/in\\\/esther-san-martin-alarcia\"]}]}<\/script>\n<!-- \/ Yoast SEO plugin. -->","yoast_head_json":{"title":"NOR GARA - San Mart\u00edn","description":"M\u00e1s de 12 a\u00f1os de experiencia en el campo de la Propiedad Industrial. Agente Espa\u00f1ol de la Propiedad Industrial y European Patent Attorney.","robots":{"index":"index","follow":"follow","max-snippet":"max-snippet:-1","max-image-preview":"max-image-preview:large","max-video-preview":"max-video-preview:-1"},"canonical":"https:\/\/san-martin.es\/eu\/nor-gara\/","og_locale":"eu_ES","og_type":"article","og_title":"NOR GARA - San Mart\u00edn","og_description":"M\u00e1s de 12 a\u00f1os de experiencia en el campo de la Propiedad Industrial. Agente Espa\u00f1ol de la Propiedad Industrial y European Patent Attorney.","og_url":"https:\/\/san-martin.es\/eu\/nor-gara\/","og_site_name":"San Mart\u00edn","article_modified_time":"2021-09-09T07:13:26+00:00","og_image":[{"width":1000,"height":526,"url":"https:\/\/san-martin.es\/wp-content\/uploads\/2019\/06\/san-martin-fb.png","type":"image\/png"}],"twitter_card":"summary_large_image","twitter_misc":{"Est. reading time":"3 minutes"},"schema":{"@context":"https:\/\/schema.org","@graph":[{"@type":"WebPage","@id":"https:\/\/san-martin.es\/eu\/nor-gara\/","url":"https:\/\/san-martin.es\/eu\/nor-gara\/","name":"NOR GARA - San Mart\u00edn","isPartOf":{"@id":"https:\/\/san-martin.es\/#website"},"datePublished":"2019-06-21T16:29:13+00:00","dateModified":"2021-09-09T07:13:26+00:00","description":"M\u00e1s de 12 a\u00f1os de experiencia en el campo de la Propiedad Industrial. Agente Espa\u00f1ol de la Propiedad Industrial y European Patent Attorney.","breadcrumb":{"@id":"https:\/\/san-martin.es\/eu\/nor-gara\/#breadcrumb"},"inLanguage":"eu-ES","potentialAction":[{"@type":"ReadAction","target":["https:\/\/san-martin.es\/eu\/nor-gara\/"]}]},{"@type":"BreadcrumbList","@id":"https:\/\/san-martin.es\/eu\/nor-gara\/#breadcrumb","itemListElement":[{"@type":"ListItem","position":1,"name":"Portada","item":"https:\/\/san-martin.es\/eu\/"},{"@type":"ListItem","position":2,"name":"NOR GARA"}]},{"@type":"WebSite","@id":"https:\/\/san-martin.es\/#website","url":"https:\/\/san-martin.es\/","name":"San Mart\u00edn","description":"San Mart\u00edn","publisher":{"@id":"https:\/\/san-martin.es\/#organization"},"potentialAction":[{"@type":"SearchAction","target":{"@type":"EntryPoint","urlTemplate":"https:\/\/san-martin.es\/?s={search_term_string}"},"query-input":{"@type":"PropertyValueSpecification","valueRequired":true,"valueName":"search_term_string"}}],"inLanguage":"eu-ES"},{"@type":"Organization","@id":"https:\/\/san-martin.es\/#organization","name":"San Mart\u00edn","url":"https:\/\/san-martin.es\/","logo":{"@type":"ImageObject","inLanguage":"eu-ES","@id":"https:\/\/san-martin.es\/#\/schema\/logo\/image\/","url":"https:\/\/san-martin.es\/wp-content\/uploads\/2017\/09\/logo-sin-slogan.png","contentUrl":"https:\/\/san-martin.es\/wp-content\/uploads\/2017\/09\/logo-sin-slogan.png","width":181,"height":41,"caption":"San Mart\u00edn"},"image":{"@id":"https:\/\/san-martin.es\/#\/schema\/logo\/image\/"},"sameAs":["https:\/\/es.linkedin.com\/in\/esther-san-martin-alarcia"]}]}},"_links":{"self":[{"href":"https:\/\/san-martin.es\/eu\/wp-json\/wp\/v2\/pages\/4538","targetHints":{"allow":["GET"]}}],"collection":[{"href":"https:\/\/san-martin.es\/eu\/wp-json\/wp\/v2\/pages"}],"about":[{"href":"https:\/\/san-martin.es\/eu\/wp-json\/wp\/v2\/types\/page"}],"author":[{"embeddable":true,"href":"https:\/\/san-martin.es\/eu\/wp-json\/wp\/v2\/users\/1"}],"replies":[{"embeddable":true,"href":"https:\/\/san-martin.es\/eu\/wp-json\/wp\/v2\/comments?post=4538"}],"version-history":[{"count":10,"href":"https:\/\/san-martin.es\/eu\/wp-json\/wp\/v2\/pages\/4538\/revisions"}],"predecessor-version":[{"id":5561,"href":"https:\/\/san-martin.es\/eu\/wp-json\/wp\/v2\/pages\/4538\/revisions\/5561"}],"wp:attachment":[{"href":"https:\/\/san-martin.es\/eu\/wp-json\/wp\/v2\/media?parent=4538"}],"curies":[{"name":"wp","href":"https:\/\/api.w.org\/{rel}","templated":true}]}}